{"id":29497,"date":"2026-01-19T10:01:46","date_gmt":"2026-01-19T10:01:46","guid":{"rendered":"https:\/\/vortexaluminyum.com\/?page_id=29497"},"modified":"2026-01-19T14:09:33","modified_gmt":"2026-01-19T14:09:33","slug":"kis-bahcesi","status":"publish","type":"page","link":"https:\/\/vortexaluminyum.com\/index.php\/hizmetlerimiz\/kis-bahcesi\/","title":{"rendered":"K\u0131\u015f Bah\u00e7esi"},"content":{"rendered":"\t\t<div data-elementor-type=\"wp-page\" data-elementor-id=\"29497\" class=\"elementor elementor-29497\" data-elementor-post-type=\"page\">\n\t\t\t\t\r\n\t\t<div class=\"default no-position show_shadow rs-sticky-default elementor-element elementor-element-c64a368 e-flex e-con-boxed e-con e-parent\" data-id=\"c64a368\" data-element_type=\"container\">\n\t\t\t\t\t<div class=\"e-con-inner\">\n\t\t\r\n\t\t\t\t<div class=\"elementor-element elementor-element-4e47f54 elementor-widget elementor-widget-gallery\" data-id=\"4e47f54\" data-element_type=\"widget\" data-settings=\"{&quot;lazyload&quot;:&quot;yes&quot;,&quot;gallery_layout&quot;:&quot;grid&quot;,&quot;columns&quot;:4,&quot;columns_tablet&quot;:2,&quot;columns_mobile&quot;:1,&quot;gap&quot;:{&quot;unit&quot;:&quot;px&quot;,&quot;size&quot;:10,&quot;sizes&quot;:[]},&quot;gap_laptop&quot;:{&quot;unit&quot;:&quot;px&quot;,&quot;size&quot;:10,&quot;sizes&quot;:[]},&quot;gap_tablet&quot;:{&quot;unit&quot;:&quot;px&quot;,&quot;size&quot;:10,&quot;sizes&quot;:[]},&quot;gap_mobile&quot;:{&quot;unit&quot;:&quot;px&quot;,&quot;size&quot;:10,&quot;sizes&quot;:[]},&quot;link_to&quot;:&quot;file&quot;,&quot;aspect_ratio&quot;:&quot;3:2&quot;,&quot;overlay_background&quot;:&quot;yes&quot;,&quot;content_hover_animation&quot;:&quot;fade-in&quot;}\" data-widget_type=\"gallery.default\">\n\t\t\t\t\t\t\t<div class=\"elementor-gallery__container\">\n\t\t\t\t\t\t\t<a class=\"e-gallery-item elementor-gallery-item elementor-animated-content\" href=\"https:\/\/vortexaluminyum.com\/wp-content\/uploads\/2026\/01\/IMG-20231220-WA0018.jpg\" data-elementor-open-lightbox=\"yes\" data-elementor-lightbox-slideshow=\"4e47f54\" data-elementor-lightbox-title=\"IMG-20231220-WA0018\" data-e-action-hash=\"#elementor-action%3Aaction%3Dlightbox%26settings%3DeyJpZCI6Mjk2NjEsInVybCI6Imh0dHBzOlwvXC92b3J0ZXhhbHVtaW55dW0uY29tXC93cC1jb250ZW50XC91cGxvYWRzXC8yMDI2XC8wMVwvSU1HLTIwMjMxMjIwLVdBMDAxOC5qcGciLCJzbGlkZXNob3ciOiI0ZTQ3ZjU0In0%3D\">\n\t\t\t\t\t<div class=\"e-gallery-image elementor-gallery-item__image\" data-thumbnail=\"https:\/\/vortexaluminyum.com\/wp-content\/uploads\/2026\/01\/IMG-20231220-WA0018.jpg\" data-width=\"1200\" data-height=\"1600\" aria-label=\"\" role=\"img\" ><\/div>\n\t\t\t\t\t\t\t\t\t\t\t<div class=\"elementor-gallery-item__overlay\"><\/div>\n\t\t\t\t\t\t\t\t\t\t\t\t\t\t<\/a>\n\t\t\t\t\t\t\t<a class=\"e-gallery-item elementor-gallery-item elementor-animated-content\" href=\"https:\/\/vortexaluminyum.com\/wp-content\/uploads\/2026\/01\/IMG-20231220-WA0019.jpg\" data-elementor-open-lightbox=\"yes\" data-elementor-lightbox-slideshow=\"4e47f54\" data-elementor-lightbox-title=\"IMG-20231220-WA0019\" data-e-action-hash=\"#elementor-action%3Aaction%3Dlightbox%26settings%3DeyJpZCI6Mjk2NjIsInVybCI6Imh0dHBzOlwvXC92b3J0ZXhhbHVtaW55dW0uY29tXC93cC1jb250ZW50XC91cGxvYWRzXC8yMDI2XC8wMVwvSU1HLTIwMjMxMjIwLVdBMDAxOS5qcGciLCJzbGlkZXNob3ciOiI0ZTQ3ZjU0In0%3D\">\n\t\t\t\t\t<div class=\"e-gallery-image elementor-gallery-item__image\" data-thumbnail=\"https:\/\/vortexaluminyum.com\/wp-content\/uploads\/2026\/01\/IMG-20231220-WA0019.jpg\" data-width=\"1200\" data-height=\"1600\" aria-label=\"\" role=\"img\" ><\/div>\n\t\t\t\t\t\t\t\t\t\t\t<div class=\"elementor-gallery-item__overlay\"><\/div>\n\t\t\t\t\t\t\t\t\t\t\t\t\t\t<\/a>\n\t\t\t\t\t\t\t<a class=\"e-gallery-item elementor-gallery-item elementor-animated-content\" href=\"https:\/\/vortexaluminyum.com\/wp-content\/uploads\/2026\/01\/IMG-20231220-WA0021.jpg\" data-elementor-open-lightbox=\"yes\" data-elementor-lightbox-slideshow=\"4e47f54\" data-elementor-lightbox-title=\"IMG-20231220-WA0021\" data-e-action-hash=\"#elementor-action%3Aaction%3Dlightbox%26settings%3DeyJpZCI6Mjk2NjMsInVybCI6Imh0dHBzOlwvXC92b3J0ZXhhbHVtaW55dW0uY29tXC93cC1jb250ZW50XC91cGxvYWRzXC8yMDI2XC8wMVwvSU1HLTIwMjMxMjIwLVdBMDAyMS5qcGciLCJzbGlkZXNob3ciOiI0ZTQ3ZjU0In0%3D\">\n\t\t\t\t\t<div class=\"e-gallery-image elementor-gallery-item__image\" data-thumbnail=\"https:\/\/vortexaluminyum.com\/wp-content\/uploads\/2026\/01\/IMG-20231220-WA0021.jpg\" data-width=\"1200\" data-height=\"1600\" aria-label=\"\" role=\"img\" ><\/div>\n\t\t\t\t\t\t\t\t\t\t\t<div class=\"elementor-gallery-item__overlay\"><\/div>\n\t\t\t\t\t\t\t\t\t\t\t\t\t\t<\/a>\n\t\t\t\t\t\t\t<a class=\"e-gallery-item elementor-gallery-item elementor-animated-content\" href=\"https:\/\/vortexaluminyum.com\/wp-content\/uploads\/2026\/01\/IMG-20231220-WA0022.jpg\" data-elementor-open-lightbox=\"yes\" data-elementor-lightbox-slideshow=\"4e47f54\" data-elementor-lightbox-title=\"IMG-20231220-WA0022\" data-e-action-hash=\"#elementor-action%3Aaction%3Dlightbox%26settings%3DeyJpZCI6Mjk2NjQsInVybCI6Imh0dHBzOlwvXC92b3J0ZXhhbHVtaW55dW0uY29tXC93cC1jb250ZW50XC91cGxvYWRzXC8yMDI2XC8wMVwvSU1HLTIwMjMxMjIwLVdBMDAyMi5qcGciLCJzbGlkZXNob3ciOiI0ZTQ3ZjU0In0%3D\">\n\t\t\t\t\t<div class=\"e-gallery-image elementor-gallery-item__image\" data-thumbnail=\"https:\/\/vortexaluminyum.com\/wp-content\/uploads\/2026\/01\/IMG-20231220-WA0022.jpg\" data-width=\"1200\" data-height=\"1600\" aria-label=\"\" role=\"img\" ><\/div>\n\t\t\t\t\t\t\t\t\t\t\t<div class=\"elementor-gallery-item__overlay\"><\/div>\n\t\t\t\t\t\t\t\t\t\t\t\t\t\t<\/a>\n\t\t\t\t\t\t\t<a class=\"e-gallery-item elementor-gallery-item elementor-animated-content\" href=\"https:\/\/vortexaluminyum.com\/wp-content\/uploads\/2026\/01\/IMG-20240123-WA0041.jpg\" data-elementor-open-lightbox=\"yes\" data-elementor-lightbox-slideshow=\"4e47f54\" data-elementor-lightbox-title=\"IMG-20240123-WA0041\" data-e-action-hash=\"#elementor-action%3Aaction%3Dlightbox%26settings%3DeyJpZCI6Mjk2NjUsInVybCI6Imh0dHBzOlwvXC92b3J0ZXhhbHVtaW55dW0uY29tXC93cC1jb250ZW50XC91cGxvYWRzXC8yMDI2XC8wMVwvSU1HLTIwMjQwMTIzLVdBMDA0MS5qcGciLCJzbGlkZXNob3ciOiI0ZTQ3ZjU0In0%3D\">\n\t\t\t\t\t<div class=\"e-gallery-image elementor-gallery-item__image\" data-thumbnail=\"https:\/\/vortexaluminyum.com\/wp-content\/uploads\/2026\/01\/IMG-20240123-WA0041.jpg\" data-width=\"1200\" data-height=\"1600\" aria-label=\"\" role=\"img\" ><\/div>\n\t\t\t\t\t\t\t\t\t\t\t<div class=\"elementor-gallery-item__overlay\"><\/div>\n\t\t\t\t\t\t\t\t\t\t\t\t\t\t<\/a>\n\t\t\t\t\t\t\t<a class=\"e-gallery-item elementor-gallery-item elementor-animated-content\" href=\"https:\/\/vortexaluminyum.com\/wp-content\/uploads\/2026\/01\/IMG-20240123-WA0043.jpg\" data-elementor-open-lightbox=\"yes\" data-elementor-lightbox-slideshow=\"4e47f54\" data-elementor-lightbox-title=\"IMG-20240123-WA0043\" data-e-action-hash=\"#elementor-action%3Aaction%3Dlightbox%26settings%3DeyJpZCI6Mjk2NjcsInVybCI6Imh0dHBzOlwvXC92b3J0ZXhhbHVtaW55dW0uY29tXC93cC1jb250ZW50XC91cGxvYWRzXC8yMDI2XC8wMVwvSU1HLTIwMjQwMTIzLVdBMDA0My5qcGciLCJzbGlkZXNob3ciOiI0ZTQ3ZjU0In0%3D\">\n\t\t\t\t\t<div class=\"e-gallery-image elementor-gallery-item__image\" data-thumbnail=\"https:\/\/vortexaluminyum.com\/wp-content\/uploads\/2026\/01\/IMG-20240123-WA0043.jpg\" data-width=\"1600\" data-height=\"1200\" aria-label=\"\" role=\"img\" ><\/div>\n\t\t\t\t\t\t\t\t\t\t\t<div class=\"elementor-gallery-item__overlay\"><\/div>\n\t\t\t\t\t\t\t\t\t\t\t\t\t\t<\/a>\n\t\t\t\t\t\t\t<a class=\"e-gallery-item elementor-gallery-item elementor-animated-content\" href=\"https:\/\/vortexaluminyum.com\/wp-content\/uploads\/2026\/01\/IMG-20240123-WA0046.jpg\" data-elementor-open-lightbox=\"yes\" data-elementor-lightbox-slideshow=\"4e47f54\" data-elementor-lightbox-title=\"IMG-20240123-WA0046\" data-e-action-hash=\"#elementor-action%3Aaction%3Dlightbox%26settings%3DeyJpZCI6Mjk2NjksInVybCI6Imh0dHBzOlwvXC92b3J0ZXhhbHVtaW55dW0uY29tXC93cC1jb250ZW50XC91cGxvYWRzXC8yMDI2XC8wMVwvSU1HLTIwMjQwMTIzLVdBMDA0Ni5qcGciLCJzbGlkZXNob3ciOiI0ZTQ3ZjU0In0%3D\">\n\t\t\t\t\t<div class=\"e-gallery-image elementor-gallery-item__image\" data-thumbnail=\"https:\/\/vortexaluminyum.com\/wp-content\/uploads\/2026\/01\/IMG-20240123-WA0046.jpg\" data-width=\"1600\" data-height=\"1200\" aria-label=\"\" role=\"img\" ><\/div>\n\t\t\t\t\t\t\t\t\t\t\t<div class=\"elementor-gallery-item__overlay\"><\/div>\n\t\t\t\t\t\t\t\t\t\t\t\t\t\t<\/a>\n\t\t\t\t\t\t\t<a class=\"e-gallery-item elementor-gallery-item elementor-animated-content\" href=\"https:\/\/vortexaluminyum.com\/wp-content\/uploads\/2026\/01\/IMG-20240123-WA0076.jpg\" data-elementor-open-lightbox=\"yes\" data-elementor-lightbox-slideshow=\"4e47f54\" data-elementor-lightbox-title=\"IMG-20240123-WA0076\" data-e-action-hash=\"#elementor-action%3Aaction%3Dlightbox%26settings%3DeyJpZCI6Mjk2NzEsInVybCI6Imh0dHBzOlwvXC92b3J0ZXhhbHVtaW55dW0uY29tXC93cC1jb250ZW50XC91cGxvYWRzXC8yMDI2XC8wMVwvSU1HLTIwMjQwMTIzLVdBMDA3Ni5qcGciLCJzbGlkZXNob3ciOiI0ZTQ3ZjU0In0%3D\">\n\t\t\t\t\t<div class=\"e-gallery-image elementor-gallery-item__image\" data-thumbnail=\"https:\/\/vortexaluminyum.com\/wp-content\/uploads\/2026\/01\/IMG-20240123-WA0076.jpg\" data-width=\"1152\" data-height=\"2048\" aria-label=\"\" role=\"img\" ><\/div>\n\t\t\t\t\t\t\t\t\t\t\t<div class=\"elementor-gallery-item__overlay\"><\/div>\n\t\t\t\t\t\t\t\t\t\t\t\t\t\t<\/a>\n\t\t\t\t\t\t\t<a class=\"e-gallery-item elementor-gallery-item elementor-animated-content\" href=\"https:\/\/vortexaluminyum.com\/wp-content\/uploads\/2026\/01\/IMG-20240123-WA0077.jpg\" data-elementor-open-lightbox=\"yes\" data-elementor-lightbox-slideshow=\"4e47f54\" data-elementor-lightbox-title=\"IMG-20240123-WA0077\" data-e-action-hash=\"#elementor-action%3Aaction%3Dlightbox%26settings%3DeyJpZCI6Mjk2NzMsInVybCI6Imh0dHBzOlwvXC92b3J0ZXhhbHVtaW55dW0uY29tXC93cC1jb250ZW50XC91cGxvYWRzXC8yMDI2XC8wMVwvSU1HLTIwMjQwMTIzLVdBMDA3Ny5qcGciLCJzbGlkZXNob3ciOiI0ZTQ3ZjU0In0%3D\">\n\t\t\t\t\t<div class=\"e-gallery-image elementor-gallery-item__image\" data-thumbnail=\"https:\/\/vortexaluminyum.com\/wp-content\/uploads\/2026\/01\/IMG-20240123-WA0077.jpg\" data-width=\"1152\" data-height=\"2048\" aria-label=\"\" role=\"img\" ><\/div>\n\t\t\t\t\t\t\t\t\t\t\t<div class=\"elementor-gallery-item__overlay\"><\/div>\n\t\t\t\t\t\t\t\t\t\t\t\t\t\t<\/a>\n\t\t\t\t\t\t\t<a class=\"e-gallery-item elementor-gallery-item elementor-animated-content\" href=\"https:\/\/vortexaluminyum.com\/wp-content\/uploads\/2026\/01\/IMG-20240123-WA0078.jpg\" data-elementor-open-lightbox=\"yes\" data-elementor-lightbox-slideshow=\"4e47f54\" data-elementor-lightbox-title=\"IMG-20240123-WA0078\" data-e-action-hash=\"#elementor-action%3Aaction%3Dlightbox%26settings%3DeyJpZCI6Mjk2NzYsInVybCI6Imh0dHBzOlwvXC92b3J0ZXhhbHVtaW55dW0uY29tXC93cC1jb250ZW50XC91cGxvYWRzXC8yMDI2XC8wMVwvSU1HLTIwMjQwMTIzLVdBMDA3OC5qcGciLCJzbGlkZXNob3ciOiI0ZTQ3ZjU0In0%3D\">\n\t\t\t\t\t<div class=\"e-gallery-image elementor-gallery-item__image\" data-thumbnail=\"https:\/\/vortexaluminyum.com\/wp-content\/uploads\/2026\/01\/IMG-20240123-WA0078.jpg\" data-width=\"1152\" data-height=\"2048\" aria-label=\"\" role=\"img\" ><\/div>\n\t\t\t\t\t\t\t\t\t\t\t<div class=\"elementor-gallery-item__overlay\"><\/div>\n\t\t\t\t\t\t\t\t\t\t\t\t\t\t<\/a>\n\t\t\t\t\t\t\t<a class=\"e-gallery-item elementor-gallery-item elementor-animated-content\" href=\"https:\/\/vortexaluminyum.com\/wp-content\/uploads\/2026\/01\/IMG-20240123-WA0079.jpg\" data-elementor-open-lightbox=\"yes\" data-elementor-lightbox-slideshow=\"4e47f54\" data-elementor-lightbox-title=\"IMG-20240123-WA0079\" data-e-action-hash=\"#elementor-action%3Aaction%3Dlightbox%26settings%3DeyJpZCI6Mjk2ODAsInVybCI6Imh0dHBzOlwvXC92b3J0ZXhhbHVtaW55dW0uY29tXC93cC1jb250ZW50XC91cGxvYWRzXC8yMDI2XC8wMVwvSU1HLTIwMjQwMTIzLVdBMDA3OS5qcGciLCJzbGlkZXNob3ciOiI0ZTQ3ZjU0In0%3D\">\n\t\t\t\t\t<div class=\"e-gallery-image elementor-gallery-item__image\" data-thumbnail=\"https:\/\/vortexaluminyum.com\/wp-content\/uploads\/2026\/01\/IMG-20240123-WA0079.jpg\" data-width=\"1152\" data-height=\"2048\" aria-label=\"\" role=\"img\" ><\/div>\n\t\t\t\t\t\t\t\t\t\t\t<div class=\"elementor-gallery-item__overlay\"><\/div>\n\t\t\t\t\t\t\t\t\t\t\t\t\t\t<\/a>\n\t\t\t\t\t\t\t<a class=\"e-gallery-item elementor-gallery-item elementor-animated-content\" href=\"https:\/\/vortexaluminyum.com\/wp-content\/uploads\/2026\/01\/IMG-20240123-WA0080.jpg\" data-elementor-open-lightbox=\"yes\" data-elementor-lightbox-slideshow=\"4e47f54\" data-elementor-lightbox-title=\"IMG-20240123-WA0080\" data-e-action-hash=\"#elementor-action%3Aaction%3Dlightbox%26settings%3DeyJpZCI6Mjk2ODUsInVybCI6Imh0dHBzOlwvXC92b3J0ZXhhbHVtaW55dW0uY29tXC93cC1jb250ZW50XC91cGxvYWRzXC8yMDI2XC8wMVwvSU1HLTIwMjQwMTIzLVdBMDA4MC5qcGciLCJzbGlkZXNob3ciOiI0ZTQ3ZjU0In0%3D\">\n\t\t\t\t\t<div class=\"e-gallery-image elementor-gallery-item__image\" data-thumbnail=\"https:\/\/vortexaluminyum.com\/wp-content\/uploads\/2026\/01\/IMG-20240123-WA0080.jpg\" data-width=\"1152\" data-height=\"2048\" aria-label=\"\" role=\"img\" ><\/div>\n\t\t\t\t\t\t\t\t\t\t\t<div class=\"elementor-gallery-item__overlay\"><\/div>\n\t\t\t\t\t\t\t\t\t\t\t\t\t\t<\/a>\n\t\t\t\t\t\t\t<a class=\"e-gallery-item elementor-gallery-item elementor-animated-content\" href=\"https:\/\/vortexaluminyum.com\/wp-content\/uploads\/2026\/01\/IMG-20240123-WA0081.jpg\" data-elementor-open-lightbox=\"yes\" data-elementor-lightbox-slideshow=\"4e47f54\" data-elementor-lightbox-title=\"IMG-20240123-WA0081\" data-e-action-hash=\"#elementor-action%3Aaction%3Dlightbox%26settings%3DeyJpZCI6Mjk2ODksInVybCI6Imh0dHBzOlwvXC92b3J0ZXhhbHVtaW55dW0uY29tXC93cC1jb250ZW50XC91cGxvYWRzXC8yMDI2XC8wMVwvSU1HLTIwMjQwMTIzLVdBMDA4MS5qcGciLCJzbGlkZXNob3ciOiI0ZTQ3ZjU0In0%3D\">\n\t\t\t\t\t<div class=\"e-gallery-image elementor-gallery-item__image\" data-thumbnail=\"https:\/\/vortexaluminyum.com\/wp-content\/uploads\/2026\/01\/IMG-20240123-WA0081.jpg\" data-width=\"1152\" data-height=\"2048\" aria-label=\"\" role=\"img\" ><\/div>\n\t\t\t\t\t\t\t\t\t\t\t<div class=\"elementor-gallery-item__overlay\"><\/div>\n\t\t\t\t\t\t\t\t\t\t\t\t\t\t<\/a>\n\t\t\t\t\t\t\t<a class=\"e-gallery-item elementor-gallery-item elementor-animated-content\" href=\"https:\/\/vortexaluminyum.com\/wp-content\/uploads\/2026\/01\/IMG-20240123-WA0082.jpg\" data-elementor-open-lightbox=\"yes\" data-elementor-lightbox-slideshow=\"4e47f54\" data-elementor-lightbox-title=\"IMG-20240123-WA0082\" data-e-action-hash=\"#elementor-action%3Aaction%3Dlightbox%26settings%3DeyJpZCI6Mjk2OTMsInVybCI6Imh0dHBzOlwvXC92b3J0ZXhhbHVtaW55dW0uY29tXC93cC1jb250ZW50XC91cGxvYWRzXC8yMDI2XC8wMVwvSU1HLTIwMjQwMTIzLVdBMDA4Mi5qcGciLCJzbGlkZXNob3ciOiI0ZTQ3ZjU0In0%3D\">\n\t\t\t\t\t<div class=\"e-gallery-image elementor-gallery-item__image\" data-thumbnail=\"https:\/\/vortexaluminyum.com\/wp-content\/uploads\/2026\/01\/IMG-20240123-WA0082.jpg\" data-width=\"1536\" data-height=\"2048\" aria-label=\"\" role=\"img\" ><\/div>\n\t\t\t\t\t\t\t\t\t\t\t<div class=\"elementor-gallery-item__overlay\"><\/div>\n\t\t\t\t\t\t\t\t\t\t\t\t\t\t<\/a>\n\t\t\t\t\t\t\t<a class=\"e-gallery-item elementor-gallery-item elementor-animated-content\" href=\"https:\/\/vortexaluminyum.com\/wp-content\/uploads\/2026\/01\/IMG-20240123-WA0083.jpg\" data-elementor-open-lightbox=\"yes\" data-elementor-lightbox-slideshow=\"4e47f54\" data-elementor-lightbox-title=\"IMG-20240123-WA0083\" data-e-action-hash=\"#elementor-action%3Aaction%3Dlightbox%26settings%3DeyJpZCI6Mjk2OTYsInVybCI6Imh0dHBzOlwvXC92b3J0ZXhhbHVtaW55dW0uY29tXC93cC1jb250ZW50XC91cGxvYWRzXC8yMDI2XC8wMVwvSU1HLTIwMjQwMTIzLVdBMDA4My5qcGciLCJzbGlkZXNob3ciOiI0ZTQ3ZjU0In0%3D\">\n\t\t\t\t\t<div class=\"e-gallery-image elementor-gallery-item__image\" data-thumbnail=\"https:\/\/vortexaluminyum.com\/wp-content\/uploads\/2026\/01\/IMG-20240123-WA0083.jpg\" data-width=\"1152\" data-height=\"2048\" aria-label=\"\" role=\"img\" ><\/div>\n\t\t\t\t\t\t\t\t\t\t\t<div class=\"elementor-gallery-item__overlay\"><\/div>\n\t\t\t\t\t\t\t\t\t\t\t\t\t\t<\/a>\n\t\t\t\t\t\t\t<a class=\"e-gallery-item elementor-gallery-item elementor-animated-content\" href=\"https:\/\/vortexaluminyum.com\/wp-content\/uploads\/2026\/01\/IMG-20240123-WA0084.jpg\" data-elementor-open-lightbox=\"yes\" data-elementor-lightbox-slideshow=\"4e47f54\" data-elementor-lightbox-title=\"IMG-20240123-WA0084\" data-e-action-hash=\"#elementor-action%3Aaction%3Dlightbox%26settings%3DeyJpZCI6Mjk3MDAsInVybCI6Imh0dHBzOlwvXC92b3J0ZXhhbHVtaW55dW0uY29tXC93cC1jb250ZW50XC91cGxvYWRzXC8yMDI2XC8wMVwvSU1HLTIwMjQwMTIzLVdBMDA4NC5qcGciLCJzbGlkZXNob3ciOiI0ZTQ3ZjU0In0%3D\">\n\t\t\t\t\t<div class=\"e-gallery-image elementor-gallery-item__image\" data-thumbnail=\"https:\/\/vortexaluminyum.com\/wp-content\/uploads\/2026\/01\/IMG-20240123-WA0084.jpg\" data-width=\"2048\" data-height=\"1536\" aria-label=\"\" role=\"img\" ><\/div>\n\t\t\t\t\t\t\t\t\t\t\t<div class=\"elementor-gallery-item__overlay\"><\/div>\n\t\t\t\t\t\t\t\t\t\t\t\t\t\t<\/a>\n\t\t\t\t\t\t\t<a class=\"e-gallery-item elementor-gallery-item elementor-animated-content\" href=\"https:\/\/vortexaluminyum.com\/wp-content\/uploads\/2026\/01\/IMG-20240123-WA0085.jpg\" data-elementor-open-lightbox=\"yes\" data-elementor-lightbox-slideshow=\"4e47f54\" data-elementor-lightbox-title=\"IMG-20240123-WA0085\" data-e-action-hash=\"#elementor-action%3Aaction%3Dlightbox%26settings%3DeyJpZCI6Mjk3MDcsInVybCI6Imh0dHBzOlwvXC92b3J0ZXhhbHVtaW55dW0uY29tXC93cC1jb250ZW50XC91cGxvYWRzXC8yMDI2XC8wMVwvSU1HLTIwMjQwMTIzLVdBMDA4NS5qcGciLCJzbGlkZXNob3ciOiI0ZTQ3ZjU0In0%3D\">\n\t\t\t\t\t<div class=\"e-gallery-image elementor-gallery-item__image\" data-thumbnail=\"https:\/\/vortexaluminyum.com\/wp-content\/uploads\/2026\/01\/IMG-20240123-WA0085.jpg\" data-width=\"2048\" data-height=\"1536\" aria-label=\"\" role=\"img\" ><\/div>\n\t\t\t\t\t\t\t\t\t\t\t<div class=\"elementor-gallery-item__overlay\"><\/div>\n\t\t\t\t\t\t\t\t\t\t\t\t\t\t<\/a>\n\t\t\t\t\t\t\t<a class=\"e-gallery-item elementor-gallery-item elementor-animated-content\" href=\"https:\/\/vortexaluminyum.com\/wp-content\/uploads\/2026\/01\/IMG-20240123-WA0086.jpg\" data-elementor-open-lightbox=\"yes\" data-elementor-lightbox-slideshow=\"4e47f54\" data-elementor-lightbox-title=\"IMG-20240123-WA0086\" data-e-action-hash=\"#elementor-action%3Aaction%3Dlightbox%26settings%3DeyJpZCI6Mjk3MTksInVybCI6Imh0dHBzOlwvXC92b3J0ZXhhbHVtaW55dW0uY29tXC93cC1jb250ZW50XC91cGxvYWRzXC8yMDI2XC8wMVwvSU1HLTIwMjQwMTIzLVdBMDA4Ni5qcGciLCJzbGlkZXNob3ciOiI0ZTQ3ZjU0In0%3D\">\n\t\t\t\t\t<div class=\"e-gallery-image elementor-gallery-item__image\" data-thumbnail=\"https:\/\/vortexaluminyum.com\/wp-content\/uploads\/2026\/01\/IMG-20240123-WA0086.jpg\" data-width=\"1152\" data-height=\"2048\" aria-label=\"\" role=\"img\" ><\/div>\n\t\t\t\t\t\t\t\t\t\t\t<div class=\"elementor-gallery-item__overlay\"><\/div>\n\t\t\t\t\t\t\t\t\t\t\t\t\t\t<\/a>\n\t\t\t\t\t\t\t<a class=\"e-gallery-item elementor-gallery-item elementor-animated-content\" href=\"https:\/\/vortexaluminyum.com\/wp-content\/uploads\/2026\/01\/IMG-20240123-WA0111.jpg\" data-elementor-open-lightbox=\"yes\" data-elementor-lightbox-slideshow=\"4e47f54\" data-elementor-lightbox-title=\"IMG-20240123-WA0111\" data-e-action-hash=\"#elementor-action%3Aaction%3Dlightbox%26settings%3DeyJpZCI6Mjk3MjQsInVybCI6Imh0dHBzOlwvXC92b3J0ZXhhbHVtaW55dW0uY29tXC93cC1jb250ZW50XC91cGxvYWRzXC8yMDI2XC8wMVwvSU1HLTIwMjQwMTIzLVdBMDExMS5qcGciLCJzbGlkZXNob3ciOiI0ZTQ3ZjU0In0%3D\">\n\t\t\t\t\t<div class=\"e-gallery-image elementor-gallery-item__image\" data-thumbnail=\"https:\/\/vortexaluminyum.com\/wp-content\/uploads\/2026\/01\/IMG-20240123-WA0111.jpg\" data-width=\"1600\" data-height=\"900\" aria-label=\"\" role=\"img\" ><\/div>\n\t\t\t\t\t\t\t\t\t\t\t<div class=\"elementor-gallery-item__overlay\"><\/div>\n\t\t\t\t\t\t\t\t\t\t\t\t\t\t<\/a>\n\t\t\t\t\t\t\t<a class=\"e-gallery-item elementor-gallery-item elementor-animated-content\" href=\"https:\/\/vortexaluminyum.com\/wp-content\/uploads\/2026\/01\/IMG-20240123-WA0117.jpg\" data-elementor-open-lightbox=\"yes\" data-elementor-lightbox-slideshow=\"4e47f54\" data-elementor-lightbox-title=\"IMG-20240123-WA0117\" data-e-action-hash=\"#elementor-action%3Aaction%3Dlightbox%26settings%3DeyJpZCI6Mjk3MzEsInVybCI6Imh0dHBzOlwvXC92b3J0ZXhhbHVtaW55dW0uY29tXC93cC1jb250ZW50XC91cGxvYWRzXC8yMDI2XC8wMVwvSU1HLTIwMjQwMTIzLVdBMDExNy5qcGciLCJzbGlkZXNob3ciOiI0ZTQ3ZjU0In0%3D\">\n\t\t\t\t\t<div class=\"e-gallery-image elementor-gallery-item__image\" data-thumbnail=\"https:\/\/vortexaluminyum.com\/wp-content\/uploads\/2026\/01\/IMG-20240123-WA0117.jpg\" data-width=\"1600\" data-height=\"900\" aria-label=\"\" role=\"img\" ><\/div>\n\t\t\t\t\t\t\t\t\t\t\t<div class=\"elementor-gallery-item__overlay\"><\/div>\n\t\t\t\t\t\t\t\t\t\t\t\t\t\t<\/a>\n\t\t\t\t\t\t\t<a class=\"e-gallery-item elementor-gallery-item elementor-animated-content\" href=\"https:\/\/vortexaluminyum.com\/wp-content\/uploads\/2026\/01\/WhatsApp-Gorsel-2023-09-14-saat-16.08.57_585a4edf.jpg\" data-elementor-open-lightbox=\"yes\" data-elementor-lightbox-slideshow=\"4e47f54\" data-elementor-lightbox-title=\"WhatsApp G\u00f6rsel 2023-09-14 saat 16.08.57_585a4edf\" data-e-action-hash=\"#elementor-action%3Aaction%3Dlightbox%26settings%3DeyJpZCI6Mjk3MzcsInVybCI6Imh0dHBzOlwvXC92b3J0ZXhhbHVtaW55dW0uY29tXC93cC1jb250ZW50XC91cGxvYWRzXC8yMDI2XC8wMVwvV2hhdHNBcHAtR29yc2VsLTIwMjMtMDktMTQtc2FhdC0xNi4wOC41N181ODVhNGVkZi5qcGciLCJzbGlkZXNob3ciOiI0ZTQ3ZjU0In0%3D\">\n\t\t\t\t\t<div class=\"e-gallery-image elementor-gallery-item__image\" data-thumbnail=\"https:\/\/vortexaluminyum.com\/wp-content\/uploads\/2026\/01\/WhatsApp-Gorsel-2023-09-14-saat-16.08.57_585a4edf.jpg\" data-width=\"2048\" data-height=\"1536\" aria-label=\"\" role=\"img\" ><\/div>\n\t\t\t\t\t\t\t\t\t\t\t<div class=\"elementor-gallery-item__overlay\"><\/div>\n\t\t\t\t\t\t\t\t\t\t\t\t\t\t<\/a>\n\t\t\t\t\t\t\t<a class=\"e-gallery-item elementor-gallery-item elementor-animated-content\" href=\"https:\/\/vortexaluminyum.com\/wp-content\/uploads\/2026\/01\/WhatsApp-Gorsel-2023-09-19-saat-13.45.12_ba7809a5.jpg\" data-elementor-open-lightbox=\"yes\" data-elementor-lightbox-slideshow=\"4e47f54\" data-elementor-lightbox-title=\"WhatsApp G\u00f6rsel 2023-09-19 saat 13.45.12_ba7809a5\" data-e-action-hash=\"#elementor-action%3Aaction%3Dlightbox%26settings%3DeyJpZCI6Mjk3NDQsInVybCI6Imh0dHBzOlwvXC92b3J0ZXhhbHVtaW55dW0uY29tXC93cC1jb250ZW50XC91cGxvYWRzXC8yMDI2XC8wMVwvV2hhdHNBcHAtR29yc2VsLTIwMjMtMDktMTktc2FhdC0xMy40NS4xMl9iYTc4MDlhNS5qcGciLCJzbGlkZXNob3ciOiI0ZTQ3ZjU0In0%3D\">\n\t\t\t\t\t<div class=\"e-gallery-image elementor-gallery-item__image\" data-thumbnail=\"https:\/\/vortexaluminyum.com\/wp-content\/uploads\/2026\/01\/WhatsApp-Gorsel-2023-09-19-saat-13.45.12_ba7809a5.jpg\" data-width=\"1200\" data-height=\"1600\" aria-label=\"\" role=\"img\" ><\/div>\n\t\t\t\t\t\t\t\t\t\t\t<div class=\"elementor-gallery-item__overlay\"><\/div>\n\t\t\t\t\t\t\t\t\t\t\t\t\t\t<\/a>\n\t\t\t\t\t\t\t<a class=\"e-gallery-item elementor-gallery-item elementor-animated-content\" href=\"https:\/\/vortexaluminyum.com\/wp-content\/uploads\/2026\/01\/WhatsApp-Gorsel-2023-09-19-saat-13.45.13_090881dc.jpg\" data-elementor-open-lightbox=\"yes\" data-elementor-lightbox-slideshow=\"4e47f54\" data-elementor-lightbox-title=\"WhatsApp G\u00f6rsel 2023-09-19 saat 13.45.13_090881dc\" data-e-action-hash=\"#elementor-action%3Aaction%3Dlightbox%26settings%3DeyJpZCI6Mjk3NDksInVybCI6Imh0dHBzOlwvXC92b3J0ZXhhbHVtaW55dW0uY29tXC93cC1jb250ZW50XC91cGxvYWRzXC8yMDI2XC8wMVwvV2hhdHNBcHAtR29yc2VsLTIwMjMtMDktMTktc2FhdC0xMy40NS4xM18wOTA4ODFkYy5qcGciLCJzbGlkZXNob3ciOiI0ZTQ3ZjU0In0%3D\">\n\t\t\t\t\t<div class=\"e-gallery-image elementor-gallery-item__image\" data-thumbnail=\"https:\/\/vortexaluminyum.com\/wp-content\/uploads\/2026\/01\/WhatsApp-Gorsel-2023-09-19-saat-13.45.13_090881dc.jpg\" data-width=\"1200\" data-height=\"1600\" aria-label=\"\" role=\"img\" ><\/div>\n\t\t\t\t\t\t\t\t\t\t\t<div class=\"elementor-gallery-item__overlay\"><\/div>\n\t\t\t\t\t\t\t\t\t\t\t\t\t\t<\/a>\n\t\t\t\t\t\t\t<a class=\"e-gallery-item elementor-gallery-item elementor-animated-content\" href=\"https:\/\/vortexaluminyum.com\/wp-content\/uploads\/2026\/01\/IMG-20231220-WA0017.jpg\" data-elementor-open-lightbox=\"yes\" data-elementor-lightbox-slideshow=\"4e47f54\" data-elementor-lightbox-title=\"IMG-20231220-WA0017\" data-e-action-hash=\"#elementor-action%3Aaction%3Dlightbox%26settings%3DeyJpZCI6Mjk3NTYsInVybCI6Imh0dHBzOlwvXC92b3J0ZXhhbHVtaW55dW0uY29tXC93cC1jb250ZW50XC91cGxvYWRzXC8yMDI2XC8wMVwvSU1HLTIwMjMxMjIwLVdBMDAxNy5qcGciLCJzbGlkZXNob3ciOiI0ZTQ3ZjU0In0%3D\">\n\t\t\t\t\t<div class=\"e-gallery-image elementor-gallery-item__image\" data-thumbnail=\"https:\/\/vortexaluminyum.com\/wp-content\/uploads\/2026\/01\/IMG-20231220-WA0017.jpg\" data-width=\"1200\" data-height=\"1600\" aria-label=\"\" role=\"img\" ><\/div>\n\t\t\t\t\t\t\t\t\t\t\t<div class=\"elementor-gallery-item__overlay\"><\/div>\n\t\t\t\t\t\t\t\t\t\t\t\t\t\t<\/a>\n\t\t\t\t\t<\/div>\n\t\t\t\t\t<\/div>\n\t\t\t\t\t<\/div>\n\t\t\t\t<\/div>\n\t\t\t\t<\/div>\n\t\t","protected":false},"excerpt":{"rendered":"","protected":false},"author":1,"featured_media":0,"parent":29473,"menu_order":0,"comment_status":"closed","ping_status":"closed","template":"","meta":{"footnotes":""},"class_list":["post-29497","page","type-page","status-publish","hentry"],"_links":{"self":[{"href":"https:\/\/vortexaluminyum.com\/index.php\/wp-json\/wp\/v2\/pages\/29497","targetHints":{"allow":["GET"]}}],"collection":[{"href":"https:\/\/vortexaluminyum.com\/index.php\/wp-json\/wp\/v2\/pages"}],"about":[{"href":"https:\/\/vortexaluminyum.com\/index.php\/wp-json\/wp\/v2\/types\/page"}],"author":[{"embeddable":true,"href":"https:\/\/vortexaluminyum.com\/index.php\/wp-json\/wp\/v2\/users\/1"}],"replies":[{"embeddable":true,"href":"https:\/\/vortexaluminyum.com\/index.php\/wp-json\/wp\/v2\/comments?post=29497"}],"version-history":[{"count":7,"href":"https:\/\/vortexaluminyum.com\/index.php\/wp-json\/wp\/v2\/pages\/29497\/revisions"}],"predecessor-version":[{"id":29770,"href":"https:\/\/vortexaluminyum.com\/index.php\/wp-json\/wp\/v2\/pages\/29497\/revisions\/29770"}],"up":[{"embeddable":true,"href":"https:\/\/vortexaluminyum.com\/index.php\/wp-json\/wp\/v2\/pages\/29473"}],"wp:attachment":[{"href":"https:\/\/vortexaluminyum.com\/index.php\/wp-json\/wp\/v2\/media?parent=29497"}],"curies":[{"name":"wp","href":"https:\/\/api.w.org\/{rel}","templated":true}]}}