{"id":29505,"date":"2026-01-19T10:02:28","date_gmt":"2026-01-19T10:02:28","guid":{"rendered":"https:\/\/vortexaluminyum.com\/?page_id=29505"},"modified":"2026-01-19T14:08:24","modified_gmt":"2026-01-19T14:08:24","slug":"ruzgar-kirici","status":"publish","type":"page","link":"https:\/\/vortexaluminyum.com\/index.php\/hizmetlerimiz\/ruzgar-kirici\/","title":{"rendered":"R\u00fczgar K\u0131r\u0131c\u0131"},"content":{"rendered":"\t\t<div data-elementor-type=\"wp-page\" data-elementor-id=\"29505\" class=\"elementor elementor-29505\" data-elementor-post-type=\"page\">\n\t\t\t\t\r\n\t\t<div class=\"default no-position show_shadow rs-sticky-default elementor-element elementor-element-c46e8b1 e-flex e-con-boxed e-con e-parent\" data-id=\"c46e8b1\" data-element_type=\"container\">\n\t\t\t\t\t<div class=\"e-con-inner\">\n\t\t\r\n\t\t\t\t<div class=\"elementor-element elementor-element-1ee06d9 elementor-widget elementor-widget-gallery\" data-id=\"1ee06d9\" data-element_type=\"widget\" data-settings=\"{&quot;lazyload&quot;:&quot;yes&quot;,&quot;gallery_layout&quot;:&quot;grid&quot;,&quot;columns&quot;:4,&quot;columns_tablet&quot;:2,&quot;columns_mobile&quot;:1,&quot;gap&quot;:{&quot;unit&quot;:&quot;px&quot;,&quot;size&quot;:10,&quot;sizes&quot;:[]},&quot;gap_laptop&quot;:{&quot;unit&quot;:&quot;px&quot;,&quot;size&quot;:10,&quot;sizes&quot;:[]},&quot;gap_tablet&quot;:{&quot;unit&quot;:&quot;px&quot;,&quot;size&quot;:10,&quot;sizes&quot;:[]},&quot;gap_mobile&quot;:{&quot;unit&quot;:&quot;px&quot;,&quot;size&quot;:10,&quot;sizes&quot;:[]},&quot;link_to&quot;:&quot;file&quot;,&quot;aspect_ratio&quot;:&quot;3:2&quot;,&quot;overlay_background&quot;:&quot;yes&quot;,&quot;content_hover_animation&quot;:&quot;fade-in&quot;}\" data-widget_type=\"gallery.default\">\n\t\t\t\t\t\t\t<div class=\"elementor-gallery__container\">\n\t\t\t\t\t\t\t<a class=\"e-gallery-item elementor-gallery-item elementor-animated-content\" href=\"https:\/\/vortexaluminyum.com\/wp-content\/uploads\/2026\/01\/WhatsApp-Gorsel-2023-09-09-saat-15.07.59_2ee2776c.jpg\" data-elementor-open-lightbox=\"yes\" data-elementor-lightbox-slideshow=\"1ee06d9\" data-elementor-lightbox-title=\"WhatsApp G\u00f6rsel 2023-09-09 saat 15.07.59_2ee2776c\" data-e-action-hash=\"#elementor-action%3Aaction%3Dlightbox%26settings%3DeyJpZCI6Mjk2OTAsInVybCI6Imh0dHBzOlwvXC92b3J0ZXhhbHVtaW55dW0uY29tXC93cC1jb250ZW50XC91cGxvYWRzXC8yMDI2XC8wMVwvV2hhdHNBcHAtR29yc2VsLTIwMjMtMDktMDktc2FhdC0xNS4wNy41OV8yZWUyNzc2Yy5qcGciLCJzbGlkZXNob3ciOiIxZWUwNmQ5In0%3D\">\n\t\t\t\t\t<div class=\"e-gallery-image elementor-gallery-item__image\" data-thumbnail=\"https:\/\/vortexaluminyum.com\/wp-content\/uploads\/2026\/01\/WhatsApp-Gorsel-2023-09-09-saat-15.07.59_2ee2776c.jpg\" data-width=\"1200\" data-height=\"1600\" aria-label=\"\" role=\"img\" ><\/div>\n\t\t\t\t\t\t\t\t\t\t\t<div class=\"elementor-gallery-item__overlay\"><\/div>\n\t\t\t\t\t\t\t\t\t\t\t\t\t\t<\/a>\n\t\t\t\t\t<\/div>\n\t\t\t\t\t<\/div>\n\t\t\t\t\t<\/div>\n\t\t\t\t<\/div>\n\t\t\t\t<\/div>\n\t\t","protected":false},"excerpt":{"rendered":"","protected":false},"author":1,"featured_media":0,"parent":29473,"menu_order":0,"comment_status":"closed","ping_status":"closed","template":"","meta":{"footnotes":""},"class_list":["post-29505","page","type-page","status-publish","hentry"],"_links":{"self":[{"href":"https:\/\/vortexaluminyum.com\/index.php\/wp-json\/wp\/v2\/pages\/29505","targetHints":{"allow":["GET"]}}],"collection":[{"href":"https:\/\/vortexaluminyum.com\/index.php\/wp-json\/wp\/v2\/pages"}],"about":[{"href":"https:\/\/vortexaluminyum.com\/index.php\/wp-json\/wp\/v2\/types\/page"}],"author":[{"embeddable":true,"href":"https:\/\/vortexaluminyum.com\/index.php\/wp-json\/wp\/v2\/users\/1"}],"replies":[{"embeddable":true,"href":"https:\/\/vortexaluminyum.com\/index.php\/wp-json\/wp\/v2\/comments?post=29505"}],"version-history":[{"count":4,"href":"https:\/\/vortexaluminyum.com\/index.php\/wp-json\/wp\/v2\/pages\/29505\/revisions"}],"predecessor-version":[{"id":29727,"href":"https:\/\/vortexaluminyum.com\/index.php\/wp-json\/wp\/v2\/pages\/29505\/revisions\/29727"}],"up":[{"embeddable":true,"href":"https:\/\/vortexaluminyum.com\/index.php\/wp-json\/wp\/v2\/pages\/29473"}],"wp:attachment":[{"href":"https:\/\/vortexaluminyum.com\/index.php\/wp-json\/wp\/v2\/media?parent=29505"}],"curies":[{"name":"wp","href":"https:\/\/api.w.org\/{rel}","templated":true}]}}